{"id":174,"date":"2023-04-23T21:55:35","date_gmt":"2023-04-23T21:55:35","guid":{"rendered":"http:\/\/parklawoffices.com\/home\/"},"modified":"2024-12-07T06:46:22","modified_gmt":"2024-12-07T06:46:22","slug":"home","status":"publish","type":"page","link":"https:\/\/parklawoffices.com\/es\/","title":{"rendered":"Home"},"content":{"rendered":"\n\n\t\t<h2>\n\t\t\tProteger los derechos de los trabajadores\n\t\t<\/h2>\n\t\t\t<p>Nuestros abogados est\u00e1n comprometidos a proporcionar asesoramiento jur\u00eddico, litigios y representaci\u00f3n en juicios para casos de derecho laboral, con un enfoque particular en la protecci\u00f3n de los derechos de los trabajadores.<\/p>\t\t\n\t<a href=\"#practice\" target=\"_self\" role=\"button\" aria-label=\"M\u00e1s informaci\u00f3n\" rel=\"noopener\">\n\t\t\t\t\t\tM\u00e1s informaci\u00f3n\n\t\t\t\t\t<\/a>\n\t<a href=\"#contact\" target=\"_self\" role=\"button\" aria-label=\"Cont\u00e1ctenos\" rel=\"noopener\">\n\t\t\t\t\t\tCont\u00e1ctenos\n\t\t\t\t\t<\/a>\n\t\t<h2>\n\t\t\tServicios\n\t\t<\/h2>\n\t\t\t<p>En la litigaci\u00f3n de derecho laboral, la experiencia en juicios y litigios es primordial. Con una amplia gama de experiencia en el campo del derecho laboral, nos esforzamos por lograr el mejor resultado posible para nuestros clientes.<\/p>\t\t\n\t\t<h4>Falta de pago de sueldo<\/h4>\n\t\t<h4>Las propinas<\/h4>\n\t\t<h4>La terminaci\u00f3n<\/h4>\n\t<a href=\"#team\" target=\"_self\" role=\"button\" aria-label=\"Conozca a los abogados\" rel=\"noopener\">\n\t\t\t\t\t\tConozca a los abogados\n\t\t\t\t\t<\/a>\n\t\t<h2>\n\t\t\tConozca a los abogados\n\t\t<\/h2>\n\t\t<h2>\n\t\t\tSang Hyun Park\n\t\t<\/h2>\n\t\t\t<p>Sang Hyun ha liderado con \u00e9xito miles de litigios diversos hasta una resoluci\u00f3n favorable, incluyendo casos relacionados con reclamos salariales, discriminaci\u00f3n y despido improcedente. Sang Hyun es un defensor feroz que escucha a sus clientes y lucha incansablemente para garantizar que reciban la m\u00e1xima compensaci\u00f3n.Posee un t\u00edtulo de Juris Doctor de la Facultad de Derecho de U.C. Hastings y est\u00e1 autorizado para ejercer la abogac\u00eda en los tribunales estatales y federales de California.<\/p>\t\t\n\t\t\t\t\t\t\t\t\t<img decoding=\"async\" src=\"https:\/\/parklawoffices.com\/wp-content\/uploads\/2023\/04\/Parks-law-profile_1000.jpg\" alt=\"Park&#039;s law profile_1000\" itemprop=\"image\" srcset=\"https:\/\/parklawoffices.com\/wp-content\/uploads\/2023\/04\/Parks-law-profile_1000.jpg 1000w, https:\/\/parklawoffices.com\/wp-content\/uploads\/2023\/04\/Parks-law-profile_1000-257x300.jpg 257w, https:\/\/parklawoffices.com\/wp-content\/uploads\/2023\/04\/Parks-law-profile_1000-877x1024.jpg 877w, https:\/\/parklawoffices.com\/wp-content\/uploads\/2023\/04\/Parks-law-profile_1000-768x897.jpg 768w\" sizes=\"(max-width: 1000px) 100vw, 1000px\" title=\"Park&#039;s law profile_1000\" onerror=\"this.style.display='none'\"  \/>\n\t\t\t\t\t\t\t\t\t<img decoding=\"async\" src=\"https:\/\/parklawoffices.com\/wp-content\/uploads\/2023\/04\/Nikolai-Nik-Lachowicz.jpg\" alt=\"Nikolai \"Nik\" Lachowicz\" itemprop=\"image\" srcset=\"https:\/\/parklawoffices.com\/wp-content\/uploads\/2023\/04\/Nikolai-Nik-Lachowicz.jpg 1000w, https:\/\/parklawoffices.com\/wp-content\/uploads\/2023\/04\/Nikolai-Nik-Lachowicz-257x300.jpg 257w, https:\/\/parklawoffices.com\/wp-content\/uploads\/2023\/04\/Nikolai-Nik-Lachowicz-877x1024.jpg 877w, https:\/\/parklawoffices.com\/wp-content\/uploads\/2023\/04\/Nikolai-Nik-Lachowicz-768x897.jpg 768w\" sizes=\"(max-width: 1000px) 100vw, 1000px\" title=\"Nikolai \"Nik\" Lachowicz\" onerror=\"this.style.display='none'\"  \/>\n\t\t<h2>\n\t\t\tNik Lachowicz\n\t\t<\/h2>\n\t\t\t<p>Nik ha litigado y llevado a juicio numerosos casos con \u00e9xito en los tribunales estatales y federales de California, aprovechando su amplia experiencia en juicios. Con un enfoque meticuloso en el an\u00e1lisis de casos y una estrategia multifac\u00e9tica, est\u00e1 dedicado a lograr el mejor resultado posible para sus clientes.Nik posee un t\u00edtulo de Juris Doctor de la Facultad de Derecho de la Universidad de Pepperdine y est\u00e1 admitido para ejercer la abogac\u00eda en los tribunales estatales de California y federales.<\/p>\t\t\n\t\t<h2>\n\t\t\tNo dude en ponerse en contacto con nosotros en cualquier momento\n\t\t<\/h2>\n\t\t\t<p>Los empleados pueden enfrentarse en ocasiones a tratos injustos como problemas salariales, despido improcedente y discriminaci\u00f3n. Es crucial seleccionar una representaci\u00f3n legal con amplia experiencia en litigios y conocimientos de juicio, adecuada a la situaci\u00f3n espec\u00edfica del empleado. Nuestros abogados brindan asesoramiento legal, representaci\u00f3n en litigios y juicios para la protecci\u00f3n de los derechos de los trabajadores, apoy\u00e1ndose en una amplia experiencia y conocimientos en derecho laboral. Nuestro compromiso de resolver varios problemas de derecho laboral y abogar por los derechos de los trabajadores sigue siendo firme.<\/p>\t\t\n\t<p>Consulta gratuita para empleados.<\/p>\n\t<a href=\"#contact\" target=\"_self\" role=\"button\" aria-label=\"Cont\u00e1ctenos\" rel=\"noopener\">\n\t\t\t\t\t\tCont\u00e1ctenos\n\t\t\t\t\t<\/a>\n\t\t<h2>\n\t\t\t\u00c1rea de pr\u00e1ctica\n\t\t<\/h2>\n\t\t\t\t\t\t\t\t\t<img decoding=\"async\" src=\"https:\/\/parklawoffices.com\/wp-content\/uploads\/2023\/04\/wage_900.jpg\" alt=\"Wealth, making money, wage growth concept. Woman figurine standi\" itemprop=\"image\" srcset=\"https:\/\/parklawoffices.com\/wp-content\/uploads\/2023\/04\/wage_900.jpg 900w, https:\/\/parklawoffices.com\/wp-content\/uploads\/2023\/04\/wage_900-300x200.jpg 300w, https:\/\/parklawoffices.com\/wp-content\/uploads\/2023\/04\/wage_900-768x512.jpg 768w\" sizes=\"(max-width: 900px) 100vw, 900px\" title=\"Wealth, making money, wage growth concept. Woman figurine standi\" onerror=\"this.style.display='none'\"  \/>\n\t\t<h2>\n\t\t\tFalta de pago de sueldo\n\t\t<\/h2>\n\t\t\t<p>Si un empleador no paga a un empleado por el trabajo realizado, el empleado puede solicitar una compensaci\u00f3n por los salarios impagos, incluyendo el pago de horas extras por horas trabajadas m\u00e1s de ocho horas al d\u00eda (excluyendo per\u00edodos de comida) o cuarenta horas por semana.<\/p>\t\t\n\t<a href=\"#contact\" target=\"_self\" role=\"button\" aria-label=\"Cont\u00e1ctenos\" rel=\"noopener\">\n\t\t\t\t\t\tCont\u00e1ctenos\n\t\t\t\t\t<\/a>\n\t\t<h2>\n\t\t\tLas propinas\n\t\t<\/h2>\n\t\t\t<p>Las propinas son propiedad exclusiva de los empleados y los empleadores no est\u00e1n autorizados a interferir o retenerlas.<\/p>\t\t\n\t<a href=\"#contact\" target=\"_self\" role=\"button\" aria-label=\"Cont\u00e1ctenos\" rel=\"noopener\">\n\t\t\t\t\t\tCont\u00e1ctenos\n\t\t\t\t\t<\/a>\n\t\t\t\t\t\t\t\t\t<img decoding=\"async\" src=\"https:\/\/parklawoffices.com\/wp-content\/uploads\/2023\/04\/tip-coversion_900.jpg\" alt=\"Young caucasian woman holding big glass bottle with cash money dollar bill on white marble table at home. Investment business, retirement, finance and saving money for future concept.\" itemprop=\"image\" srcset=\"https:\/\/parklawoffices.com\/wp-content\/uploads\/2023\/04\/tip-coversion_900.jpg 900w, https:\/\/parklawoffices.com\/wp-content\/uploads\/2023\/04\/tip-coversion_900-300x200.jpg 300w, https:\/\/parklawoffices.com\/wp-content\/uploads\/2023\/04\/tip-coversion_900-768x512.jpg 768w\" sizes=\"(max-width: 900px) 100vw, 900px\" title=\"Young caucasian woman holding big glass bottle with cash money dollar bill on white marble table at home. Investment business, retirement, finance and saving money for future concept.\" onerror=\"this.style.display='none'\"  \/>\n\t\t\t\t\t\t\t\t\t<img decoding=\"async\" src=\"https:\/\/parklawoffices.com\/wp-content\/uploads\/2023\/04\/discrimination_900.jpg\" alt=\"Concept of racism and misunderstanding between people, prejudice and discrimination. Wooden block with white people figures and one with black man\" itemprop=\"image\" srcset=\"https:\/\/parklawoffices.com\/wp-content\/uploads\/2023\/04\/discrimination_900.jpg 900w, https:\/\/parklawoffices.com\/wp-content\/uploads\/2023\/04\/discrimination_900-300x200.jpg 300w, https:\/\/parklawoffices.com\/wp-content\/uploads\/2023\/04\/discrimination_900-768x512.jpg 768w\" sizes=\"(max-width: 900px) 100vw, 900px\" title=\"Concept of racism and misunderstanding between people, prejudice and discrimination\" onerror=\"this.style.display='none'\"  \/>\n\t\t<h2>\n\t\t\tLa discriminaci\u00f3n\n\t\t<\/h2>\n\t\t\t<p>La discriminaci\u00f3n basada en g\u00e9nero, discapacidad, edad, religi\u00f3n, raza, origen nacional u otros factores similares est\u00e1n estrictamente prohibidos tanto por la ley de California como por la ley federal.<\/p>\t\t\n\t<a href=\"#contact\" target=\"_self\" role=\"button\" aria-label=\"Cont\u00e1ctenos\" rel=\"noopener\">\n\t\t\t\t\t\tCont\u00e1ctenos\n\t\t\t\t\t<\/a>\n\t\t<h2>\n\t\t\tLa terminaci\u00f3n\n\t\t<\/h2>\n\t\t\t<p>La terminaci\u00f3n laboral injusta es ilegal. Los empleadores est\u00e1n prohibidos por ley de terminar el empleo de los trabajadores bas\u00e1ndose en su g\u00e9nero, discapacidad, edad, religi\u00f3n, raza, origen nacional u otros factores similares. Adem\u00e1s, la acci\u00f3n de represalia contra los empleados que presenten quejas sobre actos ilegales cometidos por la empresa (incluyendo violaciones de leyes laborales, fiscales y aduaneras) tambi\u00e9n est\u00e1 estrictamente prohibida por ley.<\/p>\t\t\n\t<a href=\"#contact\" target=\"_self\" role=\"button\" aria-label=\"Cont\u00e1ctenos\" rel=\"noopener\">\n\t\t\t\t\t\tCont\u00e1ctenos\n\t\t\t\t\t<\/a>\n\t\t\t\t\t\t\t\t\t<img decoding=\"async\" src=\"https:\/\/parklawoffices.com\/wp-content\/uploads\/2023\/04\/wrongful-termination_900.jpg\" alt=\"wrongful termination_900\" itemprop=\"image\" srcset=\"https:\/\/parklawoffices.com\/wp-content\/uploads\/2023\/04\/wrongful-termination_900.jpg 900w, https:\/\/parklawoffices.com\/wp-content\/uploads\/2023\/04\/wrongful-termination_900-300x200.jpg 300w, https:\/\/parklawoffices.com\/wp-content\/uploads\/2023\/04\/wrongful-termination_900-768x512.jpg 768w\" sizes=\"(max-width: 900px) 100vw, 900px\" title=\"wrongful termination_900\" onerror=\"this.style.display='none'\"  \/>\n\t\t\t\t\t\t\t\t\t<img decoding=\"async\" src=\"https:\/\/parklawoffices.com\/wp-content\/uploads\/2023\/04\/sexual-harassment-900.jpg\" alt=\"sexual-harassment on the board\" itemprop=\"image\" srcset=\"https:\/\/parklawoffices.com\/wp-content\/uploads\/2023\/04\/sexual-harassment-900.jpg 900w, https:\/\/parklawoffices.com\/wp-content\/uploads\/2023\/04\/sexual-harassment-900-300x200.jpg 300w, https:\/\/parklawoffices.com\/wp-content\/uploads\/2023\/04\/sexual-harassment-900-768x512.jpg 768w\" sizes=\"(max-width: 900px) 100vw, 900px\" title=\"sexual-harassment-900\" onerror=\"this.style.display='none'\"  \/>\n\t\t<h2>\n\t\t\tEl Acoso Sexual\n\t\t<\/h2>\n\t\t\t<p>El acoso sexual es una conducta no deseada de naturaleza sexual que crea un ambiente de trabajo intimidante, hostil u ofensivo, como tocamientos no deseados, comentarios o chistes sexuales, correos electr\u00f3nicos o mensajes de texto inapropiados y la exhibici\u00f3n de im\u00e1genes sexualmente expl\u00edcitas. El acoso sexual est\u00e1 estrictamente prohibido en el trabajo bajo la Ley de Fair Employment and Housing Act (FEHA).<\/p>\t\t\n\t<a href=\"#contact\" target=\"_self\" role=\"button\" aria-label=\"Cont\u00e1ctenos\" rel=\"noopener\">\n\t\t\t\t\t\tCont\u00e1ctenos\n\t\t\t\t\t<\/a>\n\t\t<h2>\n\t\t\tPreguntas M\u00e1s Frecuentes\n\t\t<\/h2>\n\t\t\t\t\u00bfOfrecen consultas gratuitas?\n\t\t\t\t<p>S\u00ed. Nuestra firma ofrece servicios gratuitos de consulta para trabajadores de California. Si desea una consulta, puede solicitarla en l\u00ednea proporcionando informaci\u00f3n breve o llamar a nuestra oficina para programar una cita.<\/p>\n\t\t\t\t\u00bfSe mantiene la confidencialidad de las consultas?\n\t\t\t\t<p>S\u00ed. Las consultas entre el abogado y el cliente se mantienen confidenciales y no se divulgar\u00e1 ning\u00fan contenido a terceros. Esta confidencialidad garantiza la confianza del cliente y es fundamental para mantener una relaci\u00f3n de confianza entre el abogado y el cliente. Por lo tanto, nuestra firma cumple estrictamente con la confidencialidad y hace todo lo posible para proteger la informaci\u00f3n personal y la conversaci\u00f3n de los clientes.<\/p>\n\t\t\t\t\u00bfTengo que pagar alg\u00fan costo antes de proceder con la demanda?\n\t\t\t\t<p>No. Nuestro bufete de abogados cubre los gastos necesarios para el proceso de litigio por adelantado mientras procedemos. Si no recibimos ninguna compensaci\u00f3n del otro lado, no deber\u00e1 pagar ning\u00fan costo o tarifa por nuestros servicios. Los trabajadores solo deben estar listos para recuperar sus derechos perdidos sin preocuparse por los costos del proceso de demanda.<\/p>\n\t\t\t\t\u00bfCu\u00e1nto tiempo dura el proceso de demanda?\n\t\t\t\t<p>Depende. Una vez iniciado el proceso de la demanda, el tribunal generalmente programar\u00e1 una fecha de juicio en un plazo de 1 a 2 a\u00f1os. Durante este tiempo, las partes intentar\u00e1n llegar a un acuerdo a trav\u00e9s de la recolecci\u00f3n de pruebas y las negociaciones. Un acuerdo puede alcanzarse en cualquier momento antes del juicio, por lo que el tiempo de duraci\u00f3n del proceso de demanda puede variar de varios meses a casi 2 a\u00f1os, seg\u00fan el caso.<\/p>\n\t\t\t\t\u00bfCu\u00e1nta compensaci\u00f3n puedo recibir?\n\t\t\t\t<p>Depende. En el caso de obtener una compensaci\u00f3n a trav\u00e9s de la negociaci\u00f3n, varios factores pueden influir en el monto de la compensaci\u00f3n adem\u00e1s de las leyes aplicables. Por lo tanto, el monto de la compensaci\u00f3n var\u00eda en cada caso. Nuestra firma siempre prioriza los intereses del cliente y se esfuerza por obtener la compensaci\u00f3n m\u00e1xima posible.<\/p>\n\t<p>Este contenido no es un consejo legal y no establece una relaci\u00f3n entre abogado y cliente.<\/p>\n\t<iframe src=\"https:\/\/www.google.com\/maps\/embed\/v1\/place?q=2975+Wilshire+Boulevard%2C+Suite+528%2C+Los+Angeles%2C+CA+90010&#038;key=AIzaSyD09zQ9PNDNNy9TadMuzRV_UsPUoWKntt8\" aria-hidden=\"true\" title=\"Lachowicz Park, APC\"><\/iframe>\n<h2>\n\t\tDetalles de contacto\n\t<\/h2>\n\t<p>2975 Wilshire Boulevard, Suite 528<\/p>\n<p>Los Angeles, California 90010<\/p>\n<h2>\n\t\tDisponible de lunes<br \/> a viernes de 8am a 6pm\n\t<\/h2>\n<h2>\n\t\t(213) 282-5100\n\t<\/h2>\n<h2>\n\t\tcontact@lachowiczpark.com\n\t<\/h2>\n<h2>\n\t\tPong\u00e1monos en contacto\n\t<\/h2>\n<form>\n\t<input type=\"hidden\" name=\"fl-layout-id\" value=\"174\" \/>\n    \t\t<label for=\"pp-name-\">Tu nombre<\/label>\n    \t\tPlease enter your name.\n    \t\t<input type=\"text\" name=\"pp-name\" id=\"pp-name-\" value=\"\" placeholder=\"Tu nombre\"  \/>\n    \t\t<label for=\"pp-email-\">Tu correo electr\u00f3nico<\/label>\n    \t\tPlease enter a valid email address.\n    \t\t<input type=\"email\" name=\"pp-email\" id=\"pp-email-\" value=\"\" placeholder=\"Tu correo electr\u00f3nico\"  \/>\n    \t\t<label for=\"pp-phone-\">Tu tel\u00e9fono<\/label>\n    \t\tPlease enter a valid phone number.\n    \t\t<input type=\"tel\" name=\"pp-phone\" id=\"pp-phone-\" value=\"\" placeholder=\"Tu tel\u00e9fono\"  \/>\n    \t\t<label for=\"pp-message-\">Tu mensaje<\/label>\n    \t\tPlease type your message.\n    \t\t<textarea name=\"pp-message\" id=\"pp-message-\" placeholder=\"Tu mensaje\"><\/textarea>\n    \t<a href=\"#\" target=\"_self\" role=\"button\" rel=\"noopener\">\n    \t\t    \t\t    \t\tEnviar mensaje\n    \t\t    \t\t    \t<\/a>\n\t\t\tMessage failed. Please try again.\n<\/form>\n  <p>\u00a1Gracias por tu mensaje! Nos pondremos en contacto pronto.<\/p>\n\n","protected":false},"excerpt":{"rendered":"<p>Proteger los derechos de los trabajadores Nuestros abogados est\u00e1n comprometidos a proporcionar asesoramiento jur\u00eddico, litigios y representaci\u00f3n en juicios para casos de derecho laboral, con un enfoque particular en la protecci\u00f3n de los derechos de los trabajadores. M\u00e1s informaci\u00f3n Cont\u00e1ctenos Servicios En la litigaci\u00f3n de derecho laboral, la experiencia en juicios y litigios es primordial.&hellip;<\/p>\n","protected":false},"author":1,"featured_media":0,"parent":0,"menu_order":0,"comment_status":"closed","ping_status":"closed","template":"","meta":{"footnotes":""},"class_list":["post-174","page","type-page","status-publish","hentry"],"yoast_head":"<!-- This site is optimized with the Yoast SEO plugin v24.0 - https:\/\/yoast.com\/wordpress\/plugins\/seo\/ -->\n<title>California Lawyers for Workers | Lawyers for Workers | \ubc15\uc0c1\ud604 \ubcc0\ud638\uc0ac<\/title>\n<meta name=\"description\" content=\"\uc800\ud76c \ubcc0\ud638\uc0ac\ub4e4\uc740 \ub178\ub3d9\ubc95 \uc0ac\uac74\uc5d0 \ub300\ud55c \ubc95\ub960 \uc790\ubb38, \uc18c\uc1a1 \ubc0f \uc7ac\ud310\uc744 \ud1b5\ud55c \ubcc0\ud638\ub97c \uc81c\uacf5\ud558\uba70 \ud2b9\ud788 \ub178\ub3d9\uc790\uc758 \uad8c\ub9ac \ubcf4\ud638\ub97c \uc704\ud574 \ud798\uc4f0\uace0 \uc788\uc2b5\ub2c8\ub2e4.\" \/>\n<meta name=\"robots\" content=\"index, follow, max-snippet:-1, max-image-preview:large, max-video-preview:-1\" \/>\n<link rel=\"canonical\" href=\"https:\/\/parklawoffices.com\/es\/\" \/>\n<meta property=\"og:locale\" content=\"es_ES\" \/>\n<meta property=\"og:type\" content=\"article\" \/>\n<meta property=\"og:title\" content=\"California Lawyers for Workers | Lawyers for Workers | \ubc15\uc0c1\ud604 \ubcc0\ud638\uc0ac\" \/>\n<meta property=\"og:description\" content=\"\uc800\ud76c \ubcc0\ud638\uc0ac\ub4e4\uc740 \ub178\ub3d9\ubc95 \uc0ac\uac74\uc5d0 \ub300\ud55c \ubc95\ub960 \uc790\ubb38, \uc18c\uc1a1 \ubc0f \uc7ac\ud310\uc744 \ud1b5\ud55c \ubcc0\ud638\ub97c \uc81c\uacf5\ud558\uba70 \ud2b9\ud788 \ub178\ub3d9\uc790\uc758 \uad8c\ub9ac \ubcf4\ud638\ub97c \uc704\ud574 \ud798\uc4f0\uace0 \uc788\uc2b5\ub2c8\ub2e4.\" \/>\n<meta property=\"og:url\" content=\"https:\/\/parklawoffices.com\/es\/\" \/>\n<meta property=\"og:site_name\" content=\"California Lawyers for Workers\" \/>\n<meta property=\"article:modified_time\" content=\"2024-12-07T06:46:22+00:00\" \/>\n<meta property=\"og:image\" content=\"http:\/\/parklawoffices.com\/wp-content\/uploads\/2023\/04\/Parks-law-profile_1000.jpg\" \/>\n<meta name=\"twitter:card\" content=\"summary_large_image\" \/>\n<script type=\"application\/ld+json\" class=\"yoast-schema-graph\">{\"@context\":\"https:\/\/schema.org\",\"@graph\":[{\"@type\":\"WebPage\",\"@id\":\"https:\/\/parklawoffices.com\/es\/\",\"url\":\"https:\/\/parklawoffices.com\/es\/\",\"name\":\"California Lawyers for Workers | Lawyers for Workers | \ubc15\uc0c1\ud604 \ubcc0\ud638\uc0ac\",\"isPartOf\":{\"@id\":\"https:\/\/parklawoffices.com\/es\/#website\"},\"primaryImageOfPage\":{\"@id\":\"https:\/\/parklawoffices.com\/es\/#primaryimage\"},\"image\":{\"@id\":\"https:\/\/parklawoffices.com\/es\/#primaryimage\"},\"thumbnailUrl\":\"https:\/\/parklawoffices.com\/wp-content\/uploads\/2023\/04\/Parks-law-profile_1000.jpg\",\"datePublished\":\"2023-04-23T21:55:35+00:00\",\"dateModified\":\"2024-12-07T06:46:22+00:00\",\"description\":\"\uc800\ud76c \ubcc0\ud638\uc0ac\ub4e4\uc740 \ub178\ub3d9\ubc95 \uc0ac\uac74\uc5d0 \ub300\ud55c \ubc95\ub960 \uc790\ubb38, \uc18c\uc1a1 \ubc0f \uc7ac\ud310\uc744 \ud1b5\ud55c \ubcc0\ud638\ub97c \uc81c\uacf5\ud558\uba70 \ud2b9\ud788 \ub178\ub3d9\uc790\uc758 \uad8c\ub9ac \ubcf4\ud638\ub97c \uc704\ud574 \ud798\uc4f0\uace0 \uc788\uc2b5\ub2c8\ub2e4.\",\"breadcrumb\":{\"@id\":\"https:\/\/parklawoffices.com\/es\/#breadcrumb\"},\"inLanguage\":\"es\",\"potentialAction\":[{\"@type\":\"ReadAction\",\"target\":[\"https:\/\/parklawoffices.com\/es\/\"]}]},{\"@type\":\"ImageObject\",\"inLanguage\":\"es\",\"@id\":\"https:\/\/parklawoffices.com\/es\/#primaryimage\",\"url\":\"https:\/\/parklawoffices.com\/wp-content\/uploads\/2023\/04\/Parks-law-profile_1000.jpg\",\"contentUrl\":\"https:\/\/parklawoffices.com\/wp-content\/uploads\/2023\/04\/Parks-law-profile_1000.jpg\"},{\"@type\":\"BreadcrumbList\",\"@id\":\"https:\/\/parklawoffices.com\/es\/#breadcrumb\",\"itemListElement\":[{\"@type\":\"ListItem\",\"position\":1,\"name\":\"Home\",\"item\":\"https:\/\/parklawoffices.com\/es\/\"},{\"@type\":\"ListItem\",\"position\":2,\"name\":\"Home\"}]},{\"@type\":\"WebSite\",\"@id\":\"https:\/\/parklawoffices.com\/es\/#website\",\"url\":\"https:\/\/parklawoffices.com\/es\/\",\"name\":\"\uc5d8\uc5d0\uc774 \ub178\ub3d9\ubc95 \ubcc0\ud638\uc0ac \ubc95\ub960 \uadf8\ub8f9 | \ubc15\uc0c1\ud604 \ubcc0\ud638\uc0ac\",\"description\":\"Lawyers for Workers\",\"potentialAction\":[{\"@type\":\"SearchAction\",\"target\":{\"@type\":\"EntryPoint\",\"urlTemplate\":\"https:\/\/parklawoffices.com\/es\/?s={search_term_string}\"},\"query-input\":{\"@type\":\"PropertyValueSpecification\",\"valueRequired\":true,\"valueName\":\"search_term_string\"}}],\"inLanguage\":\"es\"}]}<\/script>\n<!-- \/ Yoast SEO plugin. -->","yoast_head_json":{"title":"California Lawyers for Workers | Lawyers for Workers | \ubc15\uc0c1\ud604 \ubcc0\ud638\uc0ac","description":"\uc800\ud76c \ubcc0\ud638\uc0ac\ub4e4\uc740 \ub178\ub3d9\ubc95 \uc0ac\uac74\uc5d0 \ub300\ud55c \ubc95\ub960 \uc790\ubb38, \uc18c\uc1a1 \ubc0f \uc7ac\ud310\uc744 \ud1b5\ud55c \ubcc0\ud638\ub97c \uc81c\uacf5\ud558\uba70 \ud2b9\ud788 \ub178\ub3d9\uc790\uc758 \uad8c\ub9ac \ubcf4\ud638\ub97c \uc704\ud574 \ud798\uc4f0\uace0 \uc788\uc2b5\ub2c8\ub2e4.","robots":{"index":"index","follow":"follow","max-snippet":"max-snippet:-1","max-image-preview":"max-image-preview:large","max-video-preview":"max-video-preview:-1"},"canonical":"https:\/\/parklawoffices.com\/es\/","og_locale":"es_ES","og_type":"article","og_title":"California Lawyers for Workers | Lawyers for Workers | \ubc15\uc0c1\ud604 \ubcc0\ud638\uc0ac","og_description":"\uc800\ud76c \ubcc0\ud638\uc0ac\ub4e4\uc740 \ub178\ub3d9\ubc95 \uc0ac\uac74\uc5d0 \ub300\ud55c \ubc95\ub960 \uc790\ubb38, \uc18c\uc1a1 \ubc0f \uc7ac\ud310\uc744 \ud1b5\ud55c \ubcc0\ud638\ub97c \uc81c\uacf5\ud558\uba70 \ud2b9\ud788 \ub178\ub3d9\uc790\uc758 \uad8c\ub9ac \ubcf4\ud638\ub97c \uc704\ud574 \ud798\uc4f0\uace0 \uc788\uc2b5\ub2c8\ub2e4.","og_url":"https:\/\/parklawoffices.com\/es\/","og_site_name":"California Lawyers for Workers","article_modified_time":"2024-12-07T06:46:22+00:00","og_image":[{"url":"http:\/\/parklawoffices.com\/wp-content\/uploads\/2023\/04\/Parks-law-profile_1000.jpg","type":"","width":"","height":""}],"twitter_card":"summary_large_image","schema":{"@context":"https:\/\/schema.org","@graph":[{"@type":"WebPage","@id":"https:\/\/parklawoffices.com\/es\/","url":"https:\/\/parklawoffices.com\/es\/","name":"California Lawyers for Workers | Lawyers for Workers | \ubc15\uc0c1\ud604 \ubcc0\ud638\uc0ac","isPartOf":{"@id":"https:\/\/parklawoffices.com\/es\/#website"},"primaryImageOfPage":{"@id":"https:\/\/parklawoffices.com\/es\/#primaryimage"},"image":{"@id":"https:\/\/parklawoffices.com\/es\/#primaryimage"},"thumbnailUrl":"https:\/\/parklawoffices.com\/wp-content\/uploads\/2023\/04\/Parks-law-profile_1000.jpg","datePublished":"2023-04-23T21:55:35+00:00","dateModified":"2024-12-07T06:46:22+00:00","description":"\uc800\ud76c \ubcc0\ud638\uc0ac\ub4e4\uc740 \ub178\ub3d9\ubc95 \uc0ac\uac74\uc5d0 \ub300\ud55c \ubc95\ub960 \uc790\ubb38, \uc18c\uc1a1 \ubc0f \uc7ac\ud310\uc744 \ud1b5\ud55c \ubcc0\ud638\ub97c \uc81c\uacf5\ud558\uba70 \ud2b9\ud788 \ub178\ub3d9\uc790\uc758 \uad8c\ub9ac \ubcf4\ud638\ub97c \uc704\ud574 \ud798\uc4f0\uace0 \uc788\uc2b5\ub2c8\ub2e4.","breadcrumb":{"@id":"https:\/\/parklawoffices.com\/es\/#breadcrumb"},"inLanguage":"es","potentialAction":[{"@type":"ReadAction","target":["https:\/\/parklawoffices.com\/es\/"]}]},{"@type":"ImageObject","inLanguage":"es","@id":"https:\/\/parklawoffices.com\/es\/#primaryimage","url":"https:\/\/parklawoffices.com\/wp-content\/uploads\/2023\/04\/Parks-law-profile_1000.jpg","contentUrl":"https:\/\/parklawoffices.com\/wp-content\/uploads\/2023\/04\/Parks-law-profile_1000.jpg"},{"@type":"BreadcrumbList","@id":"https:\/\/parklawoffices.com\/es\/#breadcrumb","itemListElement":[{"@type":"ListItem","position":1,"name":"Home","item":"https:\/\/parklawoffices.com\/es\/"},{"@type":"ListItem","position":2,"name":"Home"}]},{"@type":"WebSite","@id":"https:\/\/parklawoffices.com\/es\/#website","url":"https:\/\/parklawoffices.com\/es\/","name":"\uc5d8\uc5d0\uc774 \ub178\ub3d9\ubc95 \ubcc0\ud638\uc0ac \ubc95\ub960 \uadf8\ub8f9 | \ubc15\uc0c1\ud604 \ubcc0\ud638\uc0ac","description":"Lawyers for Workers","potentialAction":[{"@type":"SearchAction","target":{"@type":"EntryPoint","urlTemplate":"https:\/\/parklawoffices.com\/es\/?s={search_term_string}"},"query-input":{"@type":"PropertyValueSpecification","valueRequired":true,"valueName":"search_term_string"}}],"inLanguage":"es"}]}},"_links":{"self":[{"href":"https:\/\/parklawoffices.com\/es\/wp-json\/wp\/v2\/pages\/174"}],"collection":[{"href":"https:\/\/parklawoffices.com\/es\/wp-json\/wp\/v2\/pages"}],"about":[{"href":"https:\/\/parklawoffices.com\/es\/wp-json\/wp\/v2\/types\/page"}],"author":[{"embeddable":true,"href":"https:\/\/parklawoffices.com\/es\/wp-json\/wp\/v2\/users\/1"}],"replies":[{"embeddable":true,"href":"https:\/\/parklawoffices.com\/es\/wp-json\/wp\/v2\/comments?post=174"}],"version-history":[{"count":24,"href":"https:\/\/parklawoffices.com\/es\/wp-json\/wp\/v2\/pages\/174\/revisions"}],"predecessor-version":[{"id":342,"href":"https:\/\/parklawoffices.com\/es\/wp-json\/wp\/v2\/pages\/174\/revisions\/342"}],"wp:attachment":[{"href":"https:\/\/parklawoffices.com\/es\/wp-json\/wp\/v2\/media?parent=174"}],"curies":[{"name":"wp","href":"https:\/\/api.w.org\/{rel}","templated":true}]}}